{"id":9,"date":"2024-04-25T13:37:06","date_gmt":"2024-04-25T13:37:06","guid":{"rendered":"https:\/\/euranmaalaamo.fi\/?page_id=9"},"modified":"2024-04-25T14:55:15","modified_gmt":"2024-04-25T14:55:15","slug":"euran-maalaamo","status":"publish","type":"page","link":"https:\/\/euranmaalaamo.fi\/","title":{"rendered":"Euran Maalaamo"},"content":{"rendered":"\t\t<div data-elementor-type=\"wp-page\" data-elementor-id=\"9\" class=\"elementor elementor-9\" data-elementor-post-type=\"page\">\n\t\t\t\t<div class=\"elementor-element elementor-element-4ba76c0 e-flex e-con-boxed e-con e-parent\" data-id=\"4ba76c0\" data-element_type=\"container\" data-e-type=\"container\" data-settings=\"{&quot;background_background&quot;:&quot;classic&quot;}\">\n\t\t\t\t\t<div class=\"e-con-inner\">\n\t\t\t\t<div class=\"elementor-element elementor-element-a755ba7 elementor-widget elementor-widget-image\" data-id=\"a755ba7\" data-element_type=\"widget\" data-e-type=\"widget\" data-widget_type=\"image.default\">\n\t\t\t\t<div class=\"elementor-widget-container\">\n\t\t\t\t\t\t\t\t\t\t\t\t\t\t\t<img fetchpriority=\"high\" decoding=\"async\" width=\"800\" height=\"316\" src=\"https:\/\/euranmaalaamo.fi\/wp-content\/uploads\/2024\/04\/euran-maalaamo_2.png\" class=\"attachment-large size-large wp-image-13\" alt=\"\" srcset=\"https:\/\/euranmaalaamo.fi\/wp-content\/uploads\/2024\/04\/euran-maalaamo_2.png 1022w, https:\/\/euranmaalaamo.fi\/wp-content\/uploads\/2024\/04\/euran-maalaamo_2-300x119.png 300w, https:\/\/euranmaalaamo.fi\/wp-content\/uploads\/2024\/04\/euran-maalaamo_2-768x304.png 768w\" sizes=\"(max-width: 800px) 100vw, 800px\" \/>\t\t\t\t\t\t\t\t\t\t\t\t\t\t\t<\/div>\n\t\t\t\t<\/div>\n\t\t\t\t\t<\/div>\n\t\t\t\t<\/div>\n\t\t<div class=\"elementor-element elementor-element-ebb7746 e-flex e-con-boxed e-con e-parent\" data-id=\"ebb7746\" data-element_type=\"container\" data-e-type=\"container\" data-settings=\"{&quot;background_background&quot;:&quot;classic&quot;}\">\n\t\t\t\t\t<div class=\"e-con-inner\">\n\t\t\t\t<div class=\"elementor-element elementor-element-2bf0606 elementor-widget elementor-widget-menu-anchor\" data-id=\"2bf0606\" data-element_type=\"widget\" data-e-type=\"widget\" data-widget_type=\"menu-anchor.default\">\n\t\t\t\t<div class=\"elementor-widget-container\">\n\t\t\t\t\t\t\t<div class=\"elementor-menu-anchor\" id=\"palvelut\"><\/div>\n\t\t\t\t\t\t<\/div>\n\t\t\t\t<\/div>\n\t\t\t\t<div class=\"elementor-element elementor-element-40d6b35 elementor-widget elementor-widget-spacer\" data-id=\"40d6b35\" data-element_type=\"widget\" data-e-type=\"widget\" data-widget_type=\"spacer.default\">\n\t\t\t\t<div class=\"elementor-widget-container\">\n\t\t\t\t\t\t\t<div class=\"elementor-spacer\">\n\t\t\t<div class=\"elementor-spacer-inner\"><\/div>\n\t\t<\/div>\n\t\t\t\t\t\t<\/div>\n\t\t\t\t<\/div>\n\t\t\t\t<div class=\"elementor-element elementor-element-139a6ab elementor-widget elementor-widget-text-editor\" data-id=\"139a6ab\" data-element_type=\"widget\" data-e-type=\"widget\" data-widget_type=\"text-editor.default\">\n\t\t\t\t<div class=\"elementor-widget-container\">\n\t\t\t\t\t\t\t\t\t<h2 style=\"font-weight: 400;\">Euran Maalaamo Oy:n moderni pintak\u00e4sittelylinjasto tarjoaa <br \/>nykyaikaisen tehdask\u00e4sittelyn puutavaralle, niin sis\u00e4- kuin ulkoverhoustuotteille.<\/h2>\t\t\t\t\t\t\t\t<\/div>\n\t\t\t\t<\/div>\n\t\t\t\t<div class=\"elementor-element elementor-element-5864552 elementor-widget elementor-widget-spacer\" data-id=\"5864552\" data-element_type=\"widget\" data-e-type=\"widget\" data-widget_type=\"spacer.default\">\n\t\t\t\t<div class=\"elementor-widget-container\">\n\t\t\t\t\t\t\t<div class=\"elementor-spacer\">\n\t\t\t<div class=\"elementor-spacer-inner\"><\/div>\n\t\t<\/div>\n\t\t\t\t\t\t<\/div>\n\t\t\t\t<\/div>\n\t\t\t\t\t<\/div>\n\t\t\t\t<\/div>\n\t\t<div class=\"elementor-element elementor-element-9ec0ea8 e-con-full e-flex e-con e-parent\" data-id=\"9ec0ea8\" data-element_type=\"container\" data-e-type=\"container\">\n\t\t<div class=\"elementor-element elementor-element-0fbab1d e-con-full e-flex e-con e-child\" data-id=\"0fbab1d\" data-element_type=\"container\" data-e-type=\"container\">\n\t\t\t\t<div class=\"elementor-element elementor-element-e8239c4 elementor-widget elementor-widget-image\" data-id=\"e8239c4\" data-element_type=\"widget\" data-e-type=\"widget\" data-widget_type=\"image.default\">\n\t\t\t\t<div class=\"elementor-widget-container\">\n\t\t\t\t\t\t\t\t\t\t\t\t\t\t\t<img decoding=\"async\" width=\"500\" height=\"500\" src=\"https:\/\/euranmaalaamo.fi\/wp-content\/uploads\/2024\/04\/Teknos_Industrial_Wood_wood_alu_window-copy.jpg\" class=\"attachment-large size-large wp-image-32\" alt=\"\" srcset=\"https:\/\/euranmaalaamo.fi\/wp-content\/uploads\/2024\/04\/Teknos_Industrial_Wood_wood_alu_window-copy.jpg 500w, https:\/\/euranmaalaamo.fi\/wp-content\/uploads\/2024\/04\/Teknos_Industrial_Wood_wood_alu_window-copy-300x300.jpg 300w, https:\/\/euranmaalaamo.fi\/wp-content\/uploads\/2024\/04\/Teknos_Industrial_Wood_wood_alu_window-copy-150x150.jpg 150w\" sizes=\"(max-width: 500px) 100vw, 500px\" \/>\t\t\t\t\t\t\t\t\t\t\t\t\t\t\t<\/div>\n\t\t\t\t<\/div>\n\t\t\t\t<\/div>\n\t\t<div class=\"elementor-element elementor-element-6e5346b e-flex e-con-boxed e-con e-child\" data-id=\"6e5346b\" data-element_type=\"container\" data-e-type=\"container\">\n\t\t\t\t\t<div class=\"e-con-inner\">\n\t\t\t\t<div class=\"elementor-element elementor-element-8233d71 elementor-widget elementor-widget-text-editor\" data-id=\"8233d71\" data-element_type=\"widget\" data-e-type=\"widget\" data-widget_type=\"text-editor.default\">\n\t\t\t\t<div class=\"elementor-widget-container\">\n\t\t\t\t\t\t\t\t\t<h3>Teollinen k\u00e4sittely tapahtuu<br \/>Teknoksen maaleilla ja tuote <br \/>on v\u00e4litt\u00f6m\u00e4sti asennusvalmis.<\/h3>\t\t\t\t\t\t\t\t<\/div>\n\t\t\t\t<\/div>\n\t\t\t\t<div class=\"elementor-element elementor-element-d972357 elementor-widget elementor-widget-image\" data-id=\"d972357\" data-element_type=\"widget\" data-e-type=\"widget\" data-widget_type=\"image.default\">\n\t\t\t\t<div class=\"elementor-widget-container\">\n\t\t\t\t\t\t\t\t\t\t\t\t\t\t\t<img decoding=\"async\" width=\"500\" height=\"162\" src=\"https:\/\/euranmaalaamo.fi\/wp-content\/uploads\/2024\/04\/Teknos_logo_black_RGB.jpg\" class=\"attachment-large size-large wp-image-27\" alt=\"\" srcset=\"https:\/\/euranmaalaamo.fi\/wp-content\/uploads\/2024\/04\/Teknos_logo_black_RGB.jpg 500w, https:\/\/euranmaalaamo.fi\/wp-content\/uploads\/2024\/04\/Teknos_logo_black_RGB-300x97.jpg 300w\" sizes=\"(max-width: 500px) 100vw, 500px\" \/>\t\t\t\t\t\t\t\t\t\t\t\t\t\t\t<\/div>\n\t\t\t\t<\/div>\n\t\t\t\t\t<\/div>\n\t\t\t\t<\/div>\n\t\t\t\t<\/div>\n\t\t<div class=\"elementor-element elementor-element-91c85ba e-flex e-con-boxed e-con e-parent\" data-id=\"91c85ba\" data-element_type=\"container\" data-e-type=\"container\" data-settings=\"{&quot;background_background&quot;:&quot;classic&quot;}\">\n\t\t\t\t\t<div class=\"e-con-inner\">\n\t\t\t\t<div class=\"elementor-element elementor-element-bea693e elementor-widget elementor-widget-spacer\" data-id=\"bea693e\" data-element_type=\"widget\" data-e-type=\"widget\" data-widget_type=\"spacer.default\">\n\t\t\t\t<div class=\"elementor-widget-container\">\n\t\t\t\t\t\t\t<div class=\"elementor-spacer\">\n\t\t\t<div class=\"elementor-spacer-inner\"><\/div>\n\t\t<\/div>\n\t\t\t\t\t\t<\/div>\n\t\t\t\t<\/div>\n\t\t\t\t<div class=\"elementor-element elementor-element-0b6283a elementor-widget elementor-widget-text-editor\" data-id=\"0b6283a\" data-element_type=\"widget\" data-e-type=\"widget\" data-widget_type=\"text-editor.default\">\n\t\t\t\t<div class=\"elementor-widget-container\">\n\t\t\t\t\t\t\t\t\t<h4>Euran Maalaamo Oy:n investiontiprojekti puutuotteiden pintak\u00e4sittelylaitteistoon ja tuotantolaitokseen on saanut EU tukea.\u00a0<\/h4>\t\t\t\t\t\t\t\t<\/div>\n\t\t\t\t<\/div>\n\t\t\t\t<div class=\"elementor-element elementor-element-df4e65e elementor-widget elementor-widget-text-editor\" data-id=\"df4e65e\" data-element_type=\"widget\" data-e-type=\"widget\" data-widget_type=\"text-editor.default\">\n\t\t\t\t<div class=\"elementor-widget-container\">\n\t\t\t\t\t\t\t\t\t<h4><a href=\"https:\/\/euranmaalaamo.fi\/wp-content\/uploads\/2024\/04\/EM-1.pdf\">Lue lis\u00e4\u00e4<\/a><\/h4>\t\t\t\t\t\t\t\t<\/div>\n\t\t\t\t<\/div>\n\t\t\t\t<div class=\"elementor-element elementor-element-ffa0f9d elementor-widget elementor-widget-spacer\" data-id=\"ffa0f9d\" data-element_type=\"widget\" data-e-type=\"widget\" data-widget_type=\"spacer.default\">\n\t\t\t\t<div class=\"elementor-widget-container\">\n\t\t\t\t\t\t\t<div class=\"elementor-spacer\">\n\t\t\t<div class=\"elementor-spacer-inner\"><\/div>\n\t\t<\/div>\n\t\t\t\t\t\t<\/div>\n\t\t\t\t<\/div>\n\t\t\t\t<div class=\"elementor-element elementor-element-8f45fea elementor-widget elementor-widget-menu-anchor\" data-id=\"8f45fea\" data-element_type=\"widget\" data-e-type=\"widget\" data-widget_type=\"menu-anchor.default\">\n\t\t\t\t<div class=\"elementor-widget-container\">\n\t\t\t\t\t\t\t<div class=\"elementor-menu-anchor\" id=\"yhteys\"><\/div>\n\t\t\t\t\t\t<\/div>\n\t\t\t\t<\/div>\n\t\t\t\t\t<\/div>\n\t\t\t\t<\/div>\n\t\t<div class=\"elementor-element elementor-element-c551957 e-flex e-con-boxed e-con e-parent\" data-id=\"c551957\" data-element_type=\"container\" data-e-type=\"container\" data-settings=\"{&quot;background_background&quot;:&quot;classic&quot;}\">\n\t\t\t\t\t<div class=\"e-con-inner\">\n\t\t<div class=\"elementor-element elementor-element-d643c45 e-flex e-con-boxed e-con e-child\" data-id=\"d643c45\" data-element_type=\"container\" data-e-type=\"container\">\n\t\t\t\t\t<div class=\"e-con-inner\">\n\t\t\t\t<div class=\"elementor-element elementor-element-3377f62 elementor-widget elementor-widget-text-editor\" data-id=\"3377f62\" data-element_type=\"widget\" data-e-type=\"widget\" data-widget_type=\"text-editor.default\">\n\t\t\t\t<div class=\"elementor-widget-container\">\n\t\t\t\t\t\t\t\t\t<h1>Ota yhteytt\u00e4<\/h1><p>\u00a0<\/p><h4 style=\"font-weight: 400;\">Euran Maalaamo Oy<\/h4><p style=\"font-weight: 400;\">Pys\u00e4kintie 14, 27510 Eura | Y-tunnus: \u00a03291390-4<\/p><p>Mets\u00e4rinne Pyry | 0442563348 |\u00a0<a href=\"mailto:pyry.metsarinne@euranmaalaamo.fi\">pyry.metsarinne@euranmaalaamo.fi<\/a><\/p>\t\t\t\t\t\t\t\t<\/div>\n\t\t\t\t<\/div>\n\t\t\t\t\t<\/div>\n\t\t\t\t<\/div>\n\t\t\t\t\t<\/div>\n\t\t\t\t<\/div>\n\t\t\t\t<\/div>\n\t\t","protected":false},"excerpt":{"rendered":"<p>Euran Maalaamo Oy:n moderni pintak\u00e4sittelylinjasto tarjoaa nykyaikaisen tehdask\u00e4sittelyn puutavaralle, niin sis\u00e4- kuin ulkoverhoustuotteille. Teollinen k\u00e4sittely tapahtuuTeknoksen maaleilla ja tuote on v\u00e4litt\u00f6m\u00e4sti asennusvalmis. Euran Maalaamo Oy:n investiontiprojekti puutuotteiden pintak\u00e4sittelylaitteistoon ja tuotantolaitokseen on saanut EU tukea.\u00a0 Lue lis\u00e4\u00e4 Ota yhteytt\u00e4 \u00a0 Euran Maalaamo Oy Pys\u00e4kintie 14, 27510 Eura | Y-tunnus: \u00a03291390-4 Mets\u00e4rinne Pyry | 0442563348 |\u00a0pyry.metsarinne@euranmaalaamo.fi<\/p>\n","protected":false},"author":2,"featured_media":0,"parent":0,"menu_order":0,"comment_status":"closed","ping_status":"closed","template":"elementor_header_footer","meta":{"footnotes":""},"class_list":["post-9","page","type-page","status-publish","hentry"],"_links":{"self":[{"href":"https:\/\/euranmaalaamo.fi\/index.php?rest_route=\/wp\/v2\/pages\/9","targetHints":{"allow":["GET"]}}],"collection":[{"href":"https:\/\/euranmaalaamo.fi\/index.php?rest_route=\/wp\/v2\/pages"}],"about":[{"href":"https:\/\/euranmaalaamo.fi\/index.php?rest_route=\/wp\/v2\/types\/page"}],"author":[{"embeddable":true,"href":"https:\/\/euranmaalaamo.fi\/index.php?rest_route=\/wp\/v2\/users\/2"}],"replies":[{"embeddable":true,"href":"https:\/\/euranmaalaamo.fi\/index.php?rest_route=%2Fwp%2Fv2%2Fcomments&post=9"}],"version-history":[{"count":61,"href":"https:\/\/euranmaalaamo.fi\/index.php?rest_route=\/wp\/v2\/pages\/9\/revisions"}],"predecessor-version":[{"id":98,"href":"https:\/\/euranmaalaamo.fi\/index.php?rest_route=\/wp\/v2\/pages\/9\/revisions\/98"}],"wp:attachment":[{"href":"https:\/\/euranmaalaamo.fi\/index.php?rest_route=%2Fwp%2Fv2%2Fmedia&parent=9"}],"curies":[{"name":"wp","href":"https:\/\/api.w.org\/{rel}","templated":true}]}}